{"id":627,"date":"2018-02-01T15:04:01","date_gmt":"2018-02-01T14:04:01","guid":{"rendered":"http:\/\/vingnesvikaskoytebane.no\/wp\/?page_id=627"},"modified":"2024-02-07T19:17:11","modified_gmt":"2024-02-07T18:17:11","slug":"utleie-av-skoyter","status":"publish","type":"page","link":"http:\/\/vingnesvikaskoytebane.no\/wp\/utleie-av-skoyter\/","title":{"rendered":"Utleie av sk\u00f8yter \/ skate rental \/ schaatsen huren"},"content":{"rendered":"<div class=\"wp-block-image\">\n<figure class=\"aligncenter size-large is-resized\"><img loading=\"lazy\" decoding=\"async\" src=\"https:\/\/vingnesvikaskoytebane.no\/wp\/wp-content\/uploads\/2024\/02\/IMG-20240111-WA0000-1-865x1024.jpg\" alt=\"\" class=\"wp-image-976\" width=\"542\" height=\"641\" srcset=\"http:\/\/vingnesvikaskoytebane.no\/wp\/wp-content\/uploads\/2024\/02\/IMG-20240111-WA0000-1-865x1024.jpg 865w, http:\/\/vingnesvikaskoytebane.no\/wp\/wp-content\/uploads\/2024\/02\/IMG-20240111-WA0000-1-253x300.jpg 253w, http:\/\/vingnesvikaskoytebane.no\/wp\/wp-content\/uploads\/2024\/02\/IMG-20240111-WA0000-1-768x909.jpg 768w, http:\/\/vingnesvikaskoytebane.no\/wp\/wp-content\/uploads\/2024\/02\/IMG-20240111-WA0000-1.jpg 901w\" sizes=\"(max-width: 542px) 100vw, 542px\" \/><\/figure><\/div>\n\n<div class=\"wp-block-image\">\n<figure class=\"aligncenter size-large is-resized\"><img loading=\"lazy\" decoding=\"async\" src=\"https:\/\/vingnesvikaskoytebane.no\/wp\/wp-content\/uploads\/2024\/02\/IMG-20240111-WA0004-1-1024x652.jpg\" alt=\"\" class=\"wp-image-975\" width=\"544\" height=\"345\" srcset=\"http:\/\/vingnesvikaskoytebane.no\/wp\/wp-content\/uploads\/2024\/02\/IMG-20240111-WA0004-1-1024x652.jpg 1024w, http:\/\/vingnesvikaskoytebane.no\/wp\/wp-content\/uploads\/2024\/02\/IMG-20240111-WA0004-1-300x191.jpg 300w, http:\/\/vingnesvikaskoytebane.no\/wp\/wp-content\/uploads\/2024\/02\/IMG-20240111-WA0004-1-768x489.jpg 768w, http:\/\/vingnesvikaskoytebane.no\/wp\/wp-content\/uploads\/2024\/02\/IMG-20240111-WA0004-1.jpg 1136w\" sizes=\"(max-width: 544px) 100vw, 544px\" \/><\/figure><\/div>\n\n\n<h1 class=\"has-text-align-center wp-block-heading\">Utleie av sk\u00f8yter<\/h1>\n\n\n\n<p class=\"has-text-align-center\">Vingnesvika har sk\u00f8yter til utleie.<br>Sk\u00f8ytene bestilles hos Vandreskoen butikken i Lillehammer, og hentes og leveres der. <\/p>\n\n\n\n<p class=\"has-text-align-center\"><strong>Hva har vi til utleie:<\/strong><\/p>\n\n\n\n<p class=\"has-text-align-center\">Sk\u00f8ytejern som festes under langrennsko med NNN binding.<br>Best er \u00e5 bruke sk\u00f8yte eller kombi langrennsko, vannlig langrennsko er for myk.<br>Hvis du ikke har (riktige) sko kan det leies sk\u00f8ytesko&nbsp;i&nbsp;tillegg.<br>Til barn har vi 25 set sk\u00f8ytejern med NNN binding.<\/p>\n\n\n\n<p class=\"has-text-align-center\"><strong>Hva koster det?<\/strong><\/p>\n\n\n\n<p class=\"has-text-align-center\">\u00c5 leie et par sk\u00f8yter en dag koster <strong>NOK 100,-<\/strong> , \u00e5 leie sko koster <strong>NOK 50,-<\/strong> <br><strong><em>kan kun betales kontant eller med Vipps<\/em><\/strong>, inntektene g\u00e5r til Vingnesvika Sk\u00f8ytebane. <br>Utleiesk\u00f8yter til skoleklasser er gratis.<\/p>\n\n\n\n<p class=\"has-text-align-center\"><strong>For mer info gjerne ta kontakt med Jeroen Oostendorp hos <\/strong><a href=\"https:\/\/vandreskoen.no\">Vandreskoen<\/a><strong> <\/strong><strong>tel: 61262002<\/strong><\/p>\n\n\n\n<h1 class=\"has-text-align-center wp-block-heading\">Skate rental<\/h1>\n\n\n\n<p class=\"has-text-align-center\">Vingnesvika has skates for rent.<br>The skates are ordered from Vandreskoen in Lillehammer, and collected and delivered there. <\/p>\n\n\n\n<p class=\"has-text-align-center\"><strong>What do we have for rent<\/strong>:<\/p>\n\n\n\n<p class=\"has-text-align-center\">Ice skates that attach under cross-country skiing shoes with NNN binding.<br>It is best to use skate or combi cross-country shoes, normal cross-country shoes are too soft.<br>If you don&#8217;t have (correct) shoes, shoes can also be rented.<br>For children, we have 25 sets of skates with NNN binding.<\/p>\n\n\n\n<p class=\"has-text-align-center\"><strong>How much does it cost?<\/strong><\/p>\n\n\n\n<p class=\"has-text-align-center\">Renting a pair of skates for a day costs <strong>NOK 100,- <\/strong>renting shoes costs <strong>NOK 50,-<\/strong><br><strong><em>can only be paid in cash<\/em><\/strong>, the proceeds go to Vingnesvika Sk\u00f8ytebane.<br>Renting skates for school classes is free.<\/p>\n\n\n\n<p class=\"has-text-align-center\"><strong>For more information please contact Jeroen Oostendorp at <a rel=\"noreferrer noopener\" href=\"http:\/\/vandreskoen.no\" target=\"_blank\">Vandreskoen<\/a> phone: +47 61262002<\/strong><\/p>\n\n\n\n<h1 class=\"has-text-align-center wp-block-heading\">Schaatsen huren<\/h1>\n\n\n\n<p class=\"has-text-align-center\">Vingnesvika heeft schaatsen voor de verhuur.<br>Schaatsen bestel je via Vandreskoen in Lillehammer<br>en kun je daar ophalen en terugbrengen.<\/p>\n\n\n\n<p class=\"has-text-align-center\"><strong>Wat hebben we in de verhuur?<\/strong><\/p>\n\n\n\n<p class=\"has-text-align-center\">We hebben schaatsijzers die onder langlaufschoenen met NNN binding passen.<br>Het beste kun je schaats of combi langlaufschoenen gebruiken,<br>gewone langlaufschoenen hebben te weinig steun.<br>Heb je geen (goede) schoenen kunnen die ook gehuurd worden.<br>Voor kinderen hebben we 25 set schaatsijzers met NNN binding.<\/p>\n\n\n\n<p class=\"has-text-align-center\"><strong>Wat kost het?<\/strong><\/p>\n\n\n\n<p class=\"has-text-align-center\">Een paar schaatsen een dag huren kost<strong>&nbsp;NOK 100,-<\/strong>&nbsp; en een paar schoenen kost <strong>NOK 50,-<\/strong><br><strong><em>alleen contant betalen,<\/em><\/strong> de inkomsten gaan naar de Vingnesvika Natuurijsbaan.<br>Schaatsen huren voor schoolklassen is gratis.<\/p>\n\n\n\n<p class=\"has-text-align-center\"><strong>Voor meer info neem contact op met Jeroen Oostendorp van&nbsp;<\/strong><a href=\"https:\/\/vandreskoen.no\/\">Vandreskoen<\/a><strong>&nbsp;tel: +47 61262002<\/strong><\/p>\n\n\n\n<p class=\"has-text-align-center\">&nbsp;<\/p>\n","protected":false},"excerpt":{"rendered":"<p>Utleie av sk\u00f8yter Vingnesvika har sk\u00f8yter til utleie.Sk\u00f8ytene bestilles hos Vandreskoen butikken i Lillehammer, og hentes og leveres der. Hva har vi til utleie: Sk\u00f8ytejern som festes under langrennsko med NNN binding.Best er \u00e5 bruke sk\u00f8yte eller kombi langrennsko, vannlig &hellip; <a href=\"http:\/\/vingnesvikaskoytebane.no\/wp\/utleie-av-skoyter\/\">Les videre <span class=\"meta-nav\">&rarr;<\/span><\/a><\/p>\n","protected":false},"author":3,"featured_media":0,"parent":0,"menu_order":0,"comment_status":"closed","ping_status":"closed","template":"onecolumn-page.php","meta":{"footnotes":""},"class_list":["post-627","page","type-page","status-publish","hentry"],"_links":{"self":[{"href":"http:\/\/vingnesvikaskoytebane.no\/wp\/wp-json\/wp\/v2\/pages\/627"}],"collection":[{"href":"http:\/\/vingnesvikaskoytebane.no\/wp\/wp-json\/wp\/v2\/pages"}],"about":[{"href":"http:\/\/vingnesvikaskoytebane.no\/wp\/wp-json\/wp\/v2\/types\/page"}],"author":[{"embeddable":true,"href":"http:\/\/vingnesvikaskoytebane.no\/wp\/wp-json\/wp\/v2\/users\/3"}],"replies":[{"embeddable":true,"href":"http:\/\/vingnesvikaskoytebane.no\/wp\/wp-json\/wp\/v2\/comments?post=627"}],"version-history":[{"count":12,"href":"http:\/\/vingnesvikaskoytebane.no\/wp\/wp-json\/wp\/v2\/pages\/627\/revisions"}],"predecessor-version":[{"id":1008,"href":"http:\/\/vingnesvikaskoytebane.no\/wp\/wp-json\/wp\/v2\/pages\/627\/revisions\/1008"}],"wp:attachment":[{"href":"http:\/\/vingnesvikaskoytebane.no\/wp\/wp-json\/wp\/v2\/media?parent=627"}],"curies":[{"name":"wp","href":"https:\/\/api.w.org\/{rel}","templated":true}]}}